{"id":18752,"date":"2017-11-08T10:51:20","date_gmt":"2017-11-08T09:51:20","guid":{"rendered":"http:\/\/centrel.com\/?page_id=18752"},"modified":"2021-01-18T15:55:36","modified_gmt":"2021-01-18T14:55:36","slug":"isteroscopio-hd29-12","status":"publish","type":"page","link":"https:\/\/centrel.com\/it\/prodotti\/endoscopia\/isteroscopi\/isteroscopio-hd29-12\/","title":{"rendered":"Isteroscopio HD29 12\u00b0"},"content":{"rendered":"<p>[vc_row css_animation=&#8221;&#8221; row_type=&#8221;row&#8221; use_row_as_full_screen_section=&#8221;no&#8221; type=&#8221;full_width&#8221; angled_section=&#8221;no&#8221; text_align=&#8221;left&#8221; background_image_as_pattern=&#8221;without_pattern&#8221;][vc_column][vc_empty_space height=&#8221;100px&#8221;][\/vc_column][\/vc_row][vc_row css_animation=&#8221;&#8221; row_type=&#8221;row&#8221; use_row_as_full_screen_section=&#8221;no&#8221; type=&#8221;grid&#8221; angled_section=&#8221;no&#8221; text_align=&#8221;left&#8221; background_image_as_pattern=&#8221;without_pattern&#8221;][vc_column width=&#8221;1\/2&#8243;][vc_column_text]<div class=\"flex\"><ul class=\"slides\"><li data-thumb=\"https:\/\/centrel.com\/wp-content\/uploads\/2015\/11\/isteroscopio-hd29-01-150x150.jpg\">\n\t\t\t\t<a class=\"prettyphoto\" rel=\"prettyPhoto[rel-centrel-18752]\" href=\"https:\/\/centrel.com\/wp-content\/uploads\/2015\/11\/isteroscopio-hd29-01.jpg\">\n\t\t\t\t    <img src=\"https:\/\/centrel.com\/wp-content\/uploads\/2015\/11\/isteroscopio-hd29-01.jpg\" \/>\n\t\t\t\t<\/a>\n\t\t\t\t\n\t\t\t\t<!--\n\t\t\t\t<a rel=\"lightboxp[gal]\" href=\"https:\/\/centrel.com\/wp-content\/uploads\/2015\/11\/isteroscopio-hd29-01.jpg\">\n\t\t\t\t\t<img src=\"https:\/\/centrel.com\/wp-content\/uploads\/2015\/11\/isteroscopio-hd29-01.jpg\" \/>\n\t\t\t\t<\/a>\n\t\t\t\t-->\n\t\t\t\t<\/li><li data-thumb=\"https:\/\/centrel.com\/wp-content\/uploads\/2015\/11\/isteroscopio-hd29-02-150x150.jpg\">\n\t\t\t\t<a class=\"prettyphoto\" rel=\"prettyPhoto[rel-centrel-18752]\" href=\"https:\/\/centrel.com\/wp-content\/uploads\/2015\/11\/isteroscopio-hd29-02.jpg\">\n\t\t\t\t    <img src=\"https:\/\/centrel.com\/wp-content\/uploads\/2015\/11\/isteroscopio-hd29-02.jpg\" \/>\n\t\t\t\t<\/a>\n\t\t\t\t\n\t\t\t\t<!--\n\t\t\t\t<a rel=\"lightboxp[gal]\" href=\"https:\/\/centrel.com\/wp-content\/uploads\/2015\/11\/isteroscopio-hd29-02.jpg\">\n\t\t\t\t\t<img src=\"https:\/\/centrel.com\/wp-content\/uploads\/2015\/11\/isteroscopio-hd29-02.jpg\" \/>\n\t\t\t\t<\/a>\n\t\t\t\t-->\n\t\t\t\t<\/li><li data-thumb=\"https:\/\/centrel.com\/wp-content\/uploads\/2015\/11\/isteroscopio-hd29-03-150x150.jpg\">\n\t\t\t\t<a class=\"prettyphoto\" rel=\"prettyPhoto[rel-centrel-18752]\" href=\"https:\/\/centrel.com\/wp-content\/uploads\/2015\/11\/isteroscopio-hd29-03.jpg\">\n\t\t\t\t    <img src=\"https:\/\/centrel.com\/wp-content\/uploads\/2015\/11\/isteroscopio-hd29-03.jpg\" \/>\n\t\t\t\t<\/a>\n\t\t\t\t\n\t\t\t\t<!--\n\t\t\t\t<a rel=\"lightboxp[gal]\" href=\"https:\/\/centrel.com\/wp-content\/uploads\/2015\/11\/isteroscopio-hd29-03.jpg\">\n\t\t\t\t\t<img src=\"https:\/\/centrel.com\/wp-content\/uploads\/2015\/11\/isteroscopio-hd29-03.jpg\" \/>\n\t\t\t\t<\/a>\n\t\t\t\t-->\n\t\t\t\t<\/li><li data-thumb=\"https:\/\/centrel.com\/wp-content\/uploads\/2017\/11\/istero-2-150x150.jpg\">\n\t\t\t\t<a class=\"prettyphoto\" rel=\"prettyPhoto[rel-centrel-18752]\" href=\"https:\/\/centrel.com\/wp-content\/uploads\/2017\/11\/istero-2.jpg\">\n\t\t\t\t    <img src=\"https:\/\/centrel.com\/wp-content\/uploads\/2017\/11\/istero-2.jpg\" \/>\n\t\t\t\t<\/a>\n\t\t\t\t\n\t\t\t\t<!--\n\t\t\t\t<a rel=\"lightboxp[gal]\" href=\"https:\/\/centrel.com\/wp-content\/uploads\/2017\/11\/istero-2.jpg\">\n\t\t\t\t\t<img src=\"https:\/\/centrel.com\/wp-content\/uploads\/2017\/11\/istero-2.jpg\" \/>\n\t\t\t\t<\/a>\n\t\t\t\t-->\n\t\t\t\t<\/li><\/ul><\/div><script>\n\t\t\t\t\tjQuery(window).load(function(){\n\t\t\t\t\t\tjQuery(\".flex\").flexslider({\n\t\t\t\t\t\t\tdirectionNav: false,\n\t\t\t\t\t\t\tcontrolNav: \"thumbnails\",\n\t\t\t\t\t\t});\n    \t\t\t\t});\n\t\t\t\t<\/script>[\/vc_column_text][\/vc_column][vc_column width=&#8221;1\/2&#8243;][vc_column_text]<\/p>\n<h2 style=\"text-align: left;\">Isteroscopio HD29 12\u00b0<\/h2>\n<h3>Osserva attraverso un isteroscopio Centrel e scopri quello che non hai mai visto prima.<\/h3>\n<p>[\/vc_column_text][vc_separator type=&#8221;transparent&#8221; down=&#8221;20&#8243;][vc_column_text]\u00c8 proprio cos\u00ec, l\u2019isteroscopio Centrel HD29 \u00e8 un endoscopio che si differenzia dalla quasi totalit\u00e0 delle ottiche in commercio per il fatto di essere realizzato con lenti ad alta definizione. Questo significa che \u00e8 in grado di restituire un\u2019immagine ricca di dettagli ed egualmente luminosa sia al centro che ai bordi del campo osservato, senza il minimo degrado.<br \/>\nQuesta versione con profilo distale a 12\u00b0 si utilizza con il miniresettore Centrel.[\/vc_column_text][vc_empty_space height=&#8221;30px&#8221;][vc_row_inner row_type=&#8221;row&#8221; type=&#8221;full_width&#8221; text_align=&#8221;left&#8221; css_animation=&#8221;&#8221;][vc_column_inner width=&#8221;1\/2&#8243;]<a  itemprop=\"url\" href=\"https:\/\/centrel.com\/wp-content\/uploads\/2020\/06\/Centrel-isteroscopia-off-e-op-201.pdf\" target=\"_blank\"  class=\"qbutton  default\" style=\"\">SCARICA LA BROCHURE<\/a>[\/vc_column_inner][vc_column_inner width=&#8221;1\/2&#8243;][\/vc_column_inner][\/vc_row_inner][\/vc_column][\/vc_row][vc_row css_animation=&#8221;&#8221; row_type=&#8221;row&#8221; use_row_as_full_screen_section=&#8221;no&#8221; type=&#8221;full_width&#8221; angled_section=&#8221;no&#8221; text_align=&#8221;left&#8221; background_image_as_pattern=&#8221;without_pattern&#8221;][vc_column][vc_empty_space height=&#8221;30px&#8221;][\/vc_column][\/vc_row][vc_row css_animation=&#8221;&#8221; row_type=&#8221;row&#8221; use_row_as_full_screen_section=&#8221;no&#8221; type=&#8221;grid&#8221; angled_section=&#8221;no&#8221; text_align=&#8221;left&#8221; background_image_as_pattern=&#8221;without_pattern&#8221; background_color=&#8221;#f6f6f6&#8243; padding_top=&#8221;30&#8243; padding_bottom=&#8221;30&#8243;][vc_column width=&#8221;1\/2&#8243;][vc_column_text css=&#8221;.vc_custom_1455543100489{padding-top: 0px !important;padding-right: 0px !important;padding-bottom: 0px !important;padding-left: 0px !important;}&#8221;]<\/p>\n<p style=\"font-size: 23px; color: #363636;\">Dettagli<\/p>\n<p>[\/vc_column_text][vc_separator type=&#8221;transparent&#8221; down=&#8221;20&#8243;][vc_column_text css=&#8221;.vc_custom_1610980939695{padding-top: 0px !important;padding-right: 30px !important;padding-bottom: 0px !important;padding-left: 0px !important;}&#8221;]Realizzato in Germania su specifiche Centrel secondo le pi\u00f9 avanzate tecnologie oggi disponibili, l\u2019HD29 si fregia anche delle seguenti caratteristiche esclusive.<\/p>\n<p>&#8211; Design a triplo strato per conferire la massima resistenza alla flessione ed ai cicli di sterilizzazione in autoclave.<\/p>\n<p>&#8211; Impiego di acciaio inossidabile di alta qualit\u00e0.[\/vc_column_text][\/vc_column][vc_column width=&#8221;1\/2&#8243;][vc_separator type=&#8221;transparent&#8221; down=&#8221;45&#8243;][vc_column_text css=&#8221;.vc_custom_1610980946255{padding-top: 0px !important;padding-right: 30px !important;padding-bottom: 0px !important;padding-left: 0px !important;}&#8221;]- Rivestimento con zaffiro della lente distale e prossimale per garantire la migliore protezione ai graffi.<\/p>\n<p>&#8211; Sigillatura del sistema ottico mediante un particolare processo di saldatura laser anzich\u00e9 impiegare i classici ed economici collanti o elastomeri.<\/p>\n<p>&#8211; Riempimento delle cavit\u00e0 ottiche con gas azoto per evitare il rischio di appannamento delle road lenses.[\/vc_column_text][\/vc_column][\/vc_row][vc_row css_animation=&#8221;&#8221; row_type=&#8221;row&#8221; use_row_as_full_screen_section=&#8221;no&#8221; type=&#8221;grid&#8221; angled_section=&#8221;no&#8221; text_align=&#8221;left&#8221; background_image_as_pattern=&#8221;without_pattern&#8221; padding_top=&#8221;30&#8243; padding_bottom=&#8221;30&#8243;][vc_column width=&#8221;1\/2&#8243;][vc_column_text css=&#8221;.vc_custom_1455543116083{padding-top: 0px !important;padding-right: 0px !important;padding-bottom: 0px !important;padding-left: 0px !important;}&#8221;]<\/p>\n<p style=\"font-size: 23px; color: #363636;\">Specifiche tecniche<\/p>\n<p>[\/vc_column_text][vc_separator type=&#8221;transparent&#8221; down=&#8221;20&#8243;][vc_table allow_html=&#8221;1&#8243; el_class=&#8221;technical_data&#8221;][b;align-right]Diametro%20esterno%20,[align-left]2%2C9%20mm|[b;align-right]Lunghezza%20operativa,[align-left]300%20mm|[b;align-right]Angolo%20di%20visione,[align-left]12%C2%B0|[b;align-right]Campo%20visivo,[align-left]80%C2%B0|[b;align-right]Compatibilit%C3%A0,[align-left]Tipo%20standard|[b;align-right]Modalit%C3%A0%20di%20sterilizzazione,[align-left]Autoclave%2C%20liquido%2C%20Steris%2C%20Sterrad%2C%20EtO|[b;align-right]Classificazione,[align-left]IIA%20%20di%20tipo%20passivo|[b;align-right]Conforme%20alla%20direttiva,[align-left]93%2F42%20CEE|[b;align-right]Marcatura,[align-left]%3Cimg%20src%3D%22%2Fwp-content%2Fuploads%2F2015%2F10%2Fmarchio-ce.jpg%22%20alt%3D%22marchio-ce%22%20width%3D%2220%22%20height%3D%2214%22%20class%3D%22alignnone%20size-full%20wp-image-17375%22%20%2F%3E%200535[\/vc_table][\/vc_column][vc_column width=&#8221;1\/2&#8243;][vc_column_text css=&#8221;.vc_custom_1454431770805{padding-top: 0px !important;padding-right: 0px !important;padding-bottom: 0px !important;padding-left: 0px !important;}&#8221;]<\/p>\n<p style=\"font-size: 23px; color: #363636;\">Accessori opzionali<\/p>\n<p>[\/vc_column_text][vc_separator type=&#8221;transparent&#8221; down=&#8221;20&#8243;][vc_column_text]<div class=\"correlato wpb_column vc_column_container vc_col-sm-3\"><a href=\"https:\/\/centrel.com\/it\/prodotti\/endoscopia\/elettrochirurgia\/miniresettore\/\"><img src=\"https:\/\/centrel.com\/wp-content\/uploads\/2017\/11\/minir1-e1510077415319.jpg\"><h4>Miniresettore<\/h4><\/a><\/div><div class=\"correlato wpb_column vc_column_container vc_col-sm-3\"><a href=\"https:\/\/centrel.com\/it\/prodotti\/endoscopia\/accessori\/raccordi-per-telecamera\/\"><img src=\"https:\/\/centrel.com\/wp-content\/uploads\/2015\/11\/centrel-raccordi-per-telecamera.jpg\"><h4>Raccordi per telecamera<\/h4><\/a><\/div>[\/vc_column_text][vc_empty_space height=&#8221;200px&#8221;][vc_column_text css=&#8221;.vc_custom_1599744010213{padding-top: 0px !important;padding-right: 0px !important;padding-bottom: 0px !important;padding-left: 0px !important;}&#8221;]<\/p>\n<p style=\"font-size: 23px; color: #363636;\">Prodotti correlati<\/p>\n<p>[\/vc_column_text][vc_separator type=&#8221;transparent&#8221; down=&#8221;20&#8243;][vc_column_text]<div class=\"wpb_column vc_column_container vc_col-sm-3 lista-prodotti-categoria\">\n            \t\t\t\t<div class=\"wpb_wrapper\"><a href=\"https:\/\/centrel.com\/it\/prodotti\/endoscopia\/isteroscopi\/isteroscopio-hd29-12\/\"><div class=\"immagine-prodotto-categoria\"><img src=\"https:\/\/centrel.com\/wp-content\/uploads\/2015\/11\/centrel-isteroscopio-hd29.jpg\"><\/div>\n\t\t\t\t\t\t\t<div class=\"titolo-prodotto-categoria\">Isteroscopio HD29 12\u00b0<\/div>\n\t\t\t<\/a>\n\t\t\t\t\t\t\t<\/div>\n            \t\t\t<\/div><div class=\"wpb_column vc_column_container vc_col-sm-3 lista-prodotti-categoria\">\n            \t\t\t\t<div class=\"wpb_wrapper\"><a href=\"https:\/\/centrel.com\/it\/prodotti\/endoscopia\/isteroscopi\/isteroscopio-hd29\/\"><div class=\"immagine-prodotto-categoria\"><img src=\"https:\/\/centrel.com\/wp-content\/uploads\/2015\/11\/centrel-isteroscopio-hd29.jpg\"><\/div>\n\t\t\t\t\t\t\t<div class=\"titolo-prodotto-categoria\">Isteroscopio HD29 30\u00b0<\/div>\n\t\t\t<\/a>\n\t\t\t\t\t\t\t<\/div>\n            \t\t\t<\/div><\/div><\/div><\/div>[\/vc_column_text][\/vc_column][\/vc_row][vc_row row_type=&#8221;expandable&#8221; text_align=&#8221;left&#8221; background_color=&#8221;#c6c7c9&#8243; color=&#8221;#ffffff&#8221; hover_color=&#8221;#e03188&#8243; more_button_label=&#8221;RICHIEDI INFORMAZIONI&#8221; less_button_label=&#8221;RICHIEDI INFORMAZIONI&#8221;][vc_column][vc_row_inner row_type=&#8221;row&#8221; type=&#8221;grid&#8221; text_align=&#8221;left&#8221; css_animation=&#8221;&#8221;][vc_column_inner]<div role=\"form\" class=\"wpcf7\" id=\"wpcf7-f16926-o1\" lang=\"it-IT\" dir=\"ltr\">\n<div class=\"screen-reader-response\"><p role=\"status\" aria-live=\"polite\" aria-atomic=\"true\"><\/p> <ul><\/ul><\/div>\n<form action=\"\/it\/wp-json\/wp\/v2\/pages\/18752#wpcf7-f16926-o1\" method=\"post\" class=\"wpcf7-form init default\" novalidate=\"novalidate\" data-status=\"init\">\n<div style=\"display: none;\">\n<input type=\"hidden\" name=\"_wpcf7\" value=\"16926\" \/>\n<input type=\"hidden\" name=\"_wpcf7_version\" value=\"5.4.1\" \/>\n<input type=\"hidden\" name=\"_wpcf7_locale\" value=\"it_IT\" \/>\n<input type=\"hidden\" name=\"_wpcf7_unit_tag\" value=\"wpcf7-f16926-o1\" \/>\n<input type=\"hidden\" name=\"_wpcf7_container_post\" value=\"0\" \/>\n<input type=\"hidden\" name=\"_wpcf7_posted_data_hash\" value=\"\" \/>\n<input type=\"hidden\" name=\"_wpcf7_recaptcha_response\" value=\"\" \/>\n<\/div>\n<p style=\"color:#FFF;\">I campi indicati con * sono obbligatori.<\/p>\n<div class=\"two_columns_50_50 clearfix\">\n<div class=\"column1\">\n<div class=\"column_inner\">\n<p>Nome * <br \/><span class=\"wpcf7-form-control-wrap your-name\"><input type=\"text\" name=\"your-name\" value=\"\" size=\"40\" class=\"wpcf7-form-control wpcf7-text wpcf7-validates-as-required\" aria-required=\"true\" aria-invalid=\"false\" \/><\/span><\/p>\n<p>Cognome * <br \/><span class=\"wpcf7-form-control-wrap your-surname\"><input type=\"text\" name=\"your-surname\" value=\"\" size=\"40\" class=\"wpcf7-form-control wpcf7-text wpcf7-validates-as-required\" aria-required=\"true\" aria-invalid=\"false\" \/><\/span><\/p>\n<p>Email * <br \/><span class=\"wpcf7-form-control-wrap your-email\"><input type=\"email\" name=\"your-email\" value=\"\" size=\"40\" class=\"wpcf7-form-control wpcf7-text wpcf7-email wpcf7-validates-as-required wpcf7-validates-as-email\" aria-required=\"true\" aria-invalid=\"false\" \/><\/span><\/p>\n<p>Telefono <br \/><span class=\"wpcf7-form-control-wrap your-phone\"><input type=\"text\" name=\"your-phone\" value=\"\" size=\"40\" class=\"wpcf7-form-control wpcf7-text\" aria-invalid=\"false\" \/><\/span><\/p>\n<p>Azienda <br \/><span class=\"wpcf7-form-control-wrap azienda\"><input type=\"text\" name=\"azienda\" value=\"\" size=\"40\" class=\"wpcf7-form-control wpcf7-text\" aria-invalid=\"false\" \/><\/span><\/p>\n<\/div>\n<\/div>\n<div class=\"column2\">\n<div class=\"column_inner\">\n<p>Scrivi qui il tuo messaggio * <br \/><span class=\"wpcf7-form-control-wrap your-message\"><textarea name=\"your-message\" cols=\"40\" rows=\"10\" class=\"wpcf7-form-control wpcf7-textarea wpcf7-validates-as-required\" aria-required=\"true\" aria-invalid=\"false\"><\/textarea><\/span> <\/p>\n<\/div>\n<\/div>\n<\/div>\n<p>Trattamento dei dati personali<\/p>\n<p>Ai sensi dell'articolo 13 del Decreto Legislativo n.196\/2003, Le forniamo le seguenti informazioni: il titolare del trattamento user\u00e0 i suoi dati per adempiere le normali operazioni derivanti da obbligo di legge o contrattuale e per consentire all'utente di ricevere le informazioni richieste. In qualunque momento potranno essere esercitati dagli interessati i diritti di cui all'art. 7 del Decreto Legislativo n.196\/2003, contattando il titolare del trattamento:<\/p>\n<p>Centrel Srl<br \/>\nViale Europa, 18 - 35020 Ponte San Nicol\u00f2 (PD) - Italy<br \/>\nEmail: <a href=\"mailto:info@centrel.com<br \/>\n\">info@centrel.com<\/a><\/p>\n<p>L'informativa completa pu\u00f2 essere consultata presso i nostri uffici, o richiesta via email al titolare del trattamento.\n<\/p>\n<p><span class=\"wpcf7-form-control-wrap checkbox-15\"><span class=\"wpcf7-form-control wpcf7-checkbox wpcf7-validates-as-required\"><span class=\"wpcf7-list-item first last\"><input type=\"checkbox\" name=\"checkbox-15[]\" value=\"\" \/><span class=\"wpcf7-list-item-label\"><\/span><\/span><\/span><\/span> Accetta la normativa sul trattamento dei dati personali * <\/p>\n<p><input type=\"submit\" value=\"Invia\" class=\"wpcf7-form-control wpcf7-submit\" \/><\/p>\n<div class=\"wpcf7-response-output\" aria-hidden=\"true\"><\/div><\/form><\/div>[\/vc_column_inner][\/vc_row_inner][\/vc_column][\/vc_row]<\/p>\n","protected":false},"excerpt":{"rendered":"<p>[vc_row css_animation=&#8221;&#8221; row_type=&#8221;row&#8221; use_row_as_full_screen_section=&#8221;no&#8221; type=&#8221;full_width&#8221; angled_section=&#8221;no&#8221; text_align=&#8221;left&#8221; background_image_as_pattern=&#8221;without_pattern&#8221;][vc_column][vc_empty_space height=&#8221;100px&#8221;][\/vc_column][\/vc_row][vc_row css_animation=&#8221;&#8221; row_type=&#8221;row&#8221; use_row_as_full_screen_section=&#8221;no&#8221; type=&#8221;grid&#8221; angled_section=&#8221;no&#8221; text_align=&#8221;left&#8221; background_image_as_pattern=&#8221;without_pattern&#8221;][vc_column width=&#8221;1\/2&#8243;][vc_column_text][\/vc_column_text][\/vc_column][vc_column width=&#8221;1\/2&#8243;][vc_column_text] Isteroscopio HD29 12\u00b0 Osserva attraverso un isteroscopio Centrel e scopri quello che non hai mai visto prima. [\/vc_column_text][vc_separator type=&#8221;transparent&#8221; down=&#8221;20&#8243;][vc_column_text]\u00c8 proprio cos\u00ec, l\u2019isteroscopio Centrel HD29 \u00e8 un&#8230;<\/p>\n","protected":false},"author":5,"featured_media":17534,"parent":17036,"menu_order":1,"comment_status":"closed","ping_status":"closed","template":"full_width.php","meta":{"_monsterinsights_skip_tracking":false,"_monsterinsights_sitenote_active":false,"_monsterinsights_sitenote_note":"","_monsterinsights_sitenote_category":0},"yoast_head":"<!-- This site is optimized with the Yoast SEO plugin v16.2 - https:\/\/yoast.com\/wordpress\/plugins\/seo\/ -->\n<title>Isteroscopio HD29 12\u00b0 - Centrel<\/title>\n<meta name=\"robots\" content=\"index, follow, max-snippet:-1, max-image-preview:large, max-video-preview:-1\" \/>\n<link rel=\"canonical\" href=\"https:\/\/centrel.com\/it\/prodotti\/endoscopia\/isteroscopi\/isteroscopio-hd29-12\/\" \/>\n<meta property=\"og:locale\" content=\"it_IT\" \/>\n<meta property=\"og:type\" content=\"article\" \/>\n<meta property=\"og:title\" content=\"Isteroscopio HD29 12\u00b0 - Centrel\" \/>\n<meta property=\"og:description\" content=\"[vc_row css_animation=&#8221;&#8221; row_type=&#8221;row&#8221; use_row_as_full_screen_section=&#8221;no&#8221; type=&#8221;full_width&#8221; angled_section=&#8221;no&#8221; text_align=&#8221;left&#8221; background_image_as_pattern=&#8221;without_pattern&#8221;][vc_column][vc_empty_space height=&#8221;100px&#8221;][\/vc_column][\/vc_row][vc_row css_animation=&#8221;&#8221; row_type=&#8221;row&#8221; use_row_as_full_screen_section=&#8221;no&#8221; type=&#8221;grid&#8221; angled_section=&#8221;no&#8221; text_align=&#8221;left&#8221; background_image_as_pattern=&#8221;without_pattern&#8221;][vc_column width=&#8221;1\/2&#8243;][vc_column_text][\/vc_column_text][\/vc_column][vc_column width=&#8221;1\/2&#8243;][vc_column_text] Isteroscopio HD29 12\u00b0 Osserva attraverso un isteroscopio Centrel e scopri quello che non hai mai visto prima. [\/vc_column_text][vc_separator type=&#8221;transparent&#8221; down=&#8221;20&#8243;][vc_column_text]\u00c8 proprio cos\u00ec, l\u2019isteroscopio Centrel HD29 \u00e8 un...\" \/>\n<meta property=\"og:url\" content=\"https:\/\/centrel.com\/it\/prodotti\/endoscopia\/isteroscopi\/isteroscopio-hd29-12\/\" \/>\n<meta property=\"og:site_name\" content=\"Centrel\" \/>\n<meta property=\"article:modified_time\" content=\"2021-01-18T14:55:36+00:00\" \/>\n<meta property=\"og:image\" content=\"https:\/\/centrel.com\/wp-content\/uploads\/2015\/11\/isteroscopi-centrel.jpg\" \/>\n\t<meta property=\"og:image:width\" content=\"327\" \/>\n\t<meta property=\"og:image:height\" content=\"233\" \/>\n<meta name=\"twitter:card\" content=\"summary\" \/>\n<meta name=\"twitter:label1\" content=\"Tempo di lettura stimato\">\n\t<meta name=\"twitter:data1\" content=\"2 minuti\">\n<script type=\"application\/ld+json\" class=\"yoast-schema-graph\">{\"@context\":\"https:\/\/schema.org\",\"@graph\":[{\"@type\":\"WebSite\",\"@id\":\"https:\/\/centrel.com\/it\/#website\",\"url\":\"https:\/\/centrel.com\/it\/\",\"name\":\"Centrel\",\"description\":\"\",\"potentialAction\":[{\"@type\":\"SearchAction\",\"target\":\"https:\/\/centrel.com\/it\/?s={search_term_string}\",\"query-input\":\"required name=search_term_string\"}],\"inLanguage\":\"it-IT\"},{\"@type\":\"ImageObject\",\"@id\":\"https:\/\/centrel.com\/it\/prodotti\/endoscopia\/isteroscopi\/isteroscopio-hd29-12\/#primaryimage\",\"inLanguage\":\"it-IT\",\"url\":\"https:\/\/centrel.com\/wp-content\/uploads\/2015\/11\/isteroscopi-centrel.jpg\",\"contentUrl\":\"https:\/\/centrel.com\/wp-content\/uploads\/2015\/11\/isteroscopi-centrel.jpg\",\"width\":327,\"height\":233},{\"@type\":\"WebPage\",\"@id\":\"https:\/\/centrel.com\/it\/prodotti\/endoscopia\/isteroscopi\/isteroscopio-hd29-12\/#webpage\",\"url\":\"https:\/\/centrel.com\/it\/prodotti\/endoscopia\/isteroscopi\/isteroscopio-hd29-12\/\",\"name\":\"Isteroscopio HD29 12\\u00b0 - Centrel\",\"isPartOf\":{\"@id\":\"https:\/\/centrel.com\/it\/#website\"},\"primaryImageOfPage\":{\"@id\":\"https:\/\/centrel.com\/it\/prodotti\/endoscopia\/isteroscopi\/isteroscopio-hd29-12\/#primaryimage\"},\"datePublished\":\"2017-11-08T09:51:20+00:00\",\"dateModified\":\"2021-01-18T14:55:36+00:00\",\"breadcrumb\":{\"@id\":\"https:\/\/centrel.com\/it\/prodotti\/endoscopia\/isteroscopi\/isteroscopio-hd29-12\/#breadcrumb\"},\"inLanguage\":\"it-IT\",\"potentialAction\":[{\"@type\":\"ReadAction\",\"target\":[\"https:\/\/centrel.com\/it\/prodotti\/endoscopia\/isteroscopi\/isteroscopio-hd29-12\/\"]}]},{\"@type\":\"BreadcrumbList\",\"@id\":\"https:\/\/centrel.com\/it\/prodotti\/endoscopia\/isteroscopi\/isteroscopio-hd29-12\/#breadcrumb\",\"itemListElement\":[{\"@type\":\"ListItem\",\"position\":1,\"item\":{\"@type\":\"WebPage\",\"@id\":\"https:\/\/centrel.com\/it\/\",\"url\":\"https:\/\/centrel.com\/it\/\",\"name\":\"Home\"}},{\"@type\":\"ListItem\",\"position\":2,\"item\":{\"@type\":\"WebPage\",\"@id\":\"https:\/\/centrel.com\/it\/prodotti\/\",\"url\":\"https:\/\/centrel.com\/it\/prodotti\/\",\"name\":\"Prodotti\"}},{\"@type\":\"ListItem\",\"position\":3,\"item\":{\"@type\":\"WebPage\",\"@id\":\"https:\/\/centrel.com\/it\/prodotti\/endoscopia\/\",\"url\":\"https:\/\/centrel.com\/it\/prodotti\/endoscopia\/\",\"name\":\"Endoscopia\"}},{\"@type\":\"ListItem\",\"position\":4,\"item\":{\"@type\":\"WebPage\",\"@id\":\"https:\/\/centrel.com\/it\/prodotti\/endoscopia\/isteroscopi\/\",\"url\":\"https:\/\/centrel.com\/it\/prodotti\/endoscopia\/isteroscopi\/\",\"name\":\"Isteroscopi\"}},{\"@type\":\"ListItem\",\"position\":5,\"item\":{\"@id\":\"https:\/\/centrel.com\/it\/prodotti\/endoscopia\/isteroscopi\/isteroscopio-hd29-12\/#webpage\"}}]}]}<\/script>\n<!-- \/ Yoast SEO plugin. -->","_links":{"self":[{"href":"https:\/\/centrel.com\/it\/wp-json\/wp\/v2\/pages\/18752"}],"collection":[{"href":"https:\/\/centrel.com\/it\/wp-json\/wp\/v2\/pages"}],"about":[{"href":"https:\/\/centrel.com\/it\/wp-json\/wp\/v2\/types\/page"}],"author":[{"embeddable":true,"href":"https:\/\/centrel.com\/it\/wp-json\/wp\/v2\/users\/5"}],"replies":[{"embeddable":true,"href":"https:\/\/centrel.com\/it\/wp-json\/wp\/v2\/comments?post=18752"}],"version-history":[{"count":11,"href":"https:\/\/centrel.com\/it\/wp-json\/wp\/v2\/pages\/18752\/revisions"}],"predecessor-version":[{"id":19406,"href":"https:\/\/centrel.com\/it\/wp-json\/wp\/v2\/pages\/18752\/revisions\/19406"}],"up":[{"embeddable":true,"href":"https:\/\/centrel.com\/it\/wp-json\/wp\/v2\/pages\/17036"}],"wp:featuredmedia":[{"embeddable":true,"href":"https:\/\/centrel.com\/it\/wp-json\/wp\/v2\/media\/17534"}],"wp:attachment":[{"href":"https:\/\/centrel.com\/it\/wp-json\/wp\/v2\/media?parent=18752"}],"curies":[{"name":"wp","href":"https:\/\/api.w.org\/{rel}","templated":true}]}}