{"id":16954,"date":"2015-11-20T17:21:17","date_gmt":"2015-11-20T16:21:17","guid":{"rendered":"http:\/\/centrel.com\/it\/?page_id=16954"},"modified":"2021-01-18T14:04:23","modified_gmt":"2021-01-18T13:04:23","slug":"colposcopio-c43","status":"publish","type":"page","link":"https:\/\/centrel.com\/it\/prodotti\/ginecologia\/colposcopio-c43\/","title":{"rendered":"Colposcopio C43"},"content":{"rendered":"<p>[vc_row css_animation=&#8221;&#8221; row_type=&#8221;row&#8221; use_row_as_full_screen_section=&#8221;no&#8221; type=&#8221;full_width&#8221; angled_section=&#8221;no&#8221; text_align=&#8221;left&#8221; background_image_as_pattern=&#8221;without_pattern&#8221;][vc_column][vc_empty_space height=&#8221;40px&#8221;][\/vc_column][\/vc_row][vc_row css_animation=&#8221;&#8221; row_type=&#8221;row&#8221; use_row_as_full_screen_section=&#8221;no&#8221; type=&#8221;grid&#8221; angled_section=&#8221;no&#8221; text_align=&#8221;left&#8221; background_image_as_pattern=&#8221;without_pattern&#8221;][vc_column width=&#8221;1\/2&#8243;][vc_column_text]<div class=\"flex\"><ul class=\"slides\"><li data-thumb=\"https:\/\/centrel.com\/wp-content\/uploads\/2015\/11\/colposcopio-c43-01-150x150.jpg\">\n\t\t\t\t<a class=\"prettyphoto\" rel=\"prettyPhoto[rel-centrel-16954]\" href=\"https:\/\/centrel.com\/wp-content\/uploads\/2015\/11\/colposcopio-c43-01.jpg\">\n\t\t\t\t    <img src=\"https:\/\/centrel.com\/wp-content\/uploads\/2015\/11\/colposcopio-c43-01.jpg\" \/>\n\t\t\t\t<\/a>\n\t\t\t\t\n\t\t\t\t<!--\n\t\t\t\t<a rel=\"lightboxp[gal]\" href=\"https:\/\/centrel.com\/wp-content\/uploads\/2015\/11\/colposcopio-c43-01.jpg\">\n\t\t\t\t\t<img src=\"https:\/\/centrel.com\/wp-content\/uploads\/2015\/11\/colposcopio-c43-01.jpg\" \/>\n\t\t\t\t<\/a>\n\t\t\t\t-->\n\t\t\t\t<\/li><li data-thumb=\"https:\/\/centrel.com\/wp-content\/uploads\/2015\/11\/colposcopio-c43-02-150x150.jpg\">\n\t\t\t\t<a class=\"prettyphoto\" rel=\"prettyPhoto[rel-centrel-16954]\" href=\"https:\/\/centrel.com\/wp-content\/uploads\/2015\/11\/colposcopio-c43-02.jpg\">\n\t\t\t\t    <img src=\"https:\/\/centrel.com\/wp-content\/uploads\/2015\/11\/colposcopio-c43-02.jpg\" \/>\n\t\t\t\t<\/a>\n\t\t\t\t\n\t\t\t\t<!--\n\t\t\t\t<a rel=\"lightboxp[gal]\" href=\"https:\/\/centrel.com\/wp-content\/uploads\/2015\/11\/colposcopio-c43-02.jpg\">\n\t\t\t\t\t<img src=\"https:\/\/centrel.com\/wp-content\/uploads\/2015\/11\/colposcopio-c43-02.jpg\" \/>\n\t\t\t\t<\/a>\n\t\t\t\t-->\n\t\t\t\t<\/li><\/ul><\/div><script>\n\t\t\t\t\tjQuery(window).load(function(){\n\t\t\t\t\t\tjQuery(\".flex\").flexslider({\n\t\t\t\t\t\t\tdirectionNav: false,\n\t\t\t\t\t\t\tcontrolNav: \"thumbnails\",\n\t\t\t\t\t\t});\n    \t\t\t\t});\n\t\t\t\t<\/script>[\/vc_column_text][\/vc_column][vc_column width=&#8221;1\/2&#8243;][vc_column_text el_class=&#8221;titoloni-prodotti&#8221;]<\/p>\n<h1>Colposcopio C43<\/h1>\n<p>[\/vc_column_text][vc_separator type=&#8221;transparent&#8221; down=&#8221;20&#8243;][vc_column_text]Il colposcopio Centrel C43 \u00e8 il primo modello della gamma dei colposcopi Centrel ad utilizzare un braccio a pantografo, per un pratico e veloce posizionamento della testa stereoscopica.<\/p>\n<p>&nbsp;<\/p>\n<p>Il corpo ottico, di dimensioni compatte, bene si sposa con uno stativo a bracci articolati con la base senza sovrappeso, accorgimento che consente il posizionamento del colposcopio attaccato al lettino ginecologico per una massima ottimizzazione degli spazi.<\/p>\n<p>&nbsp;<\/p>\n<p>Senza lampada e senza fibra ottica, il C43 azzera, di fatto, i costi di manutenzione garantendo una maggiore affidabilit\u00e0 nel tempo rispetto ai prodotti della generazione precedente dotati di tecnologia a lampada alogena.<\/p>\n<p>&nbsp;<\/p>\n<p>Attraverso un partitore dedicato \u00e8 possibile installare una fotocamera digitale in grado di trasformare il colposcopio C43 in un foto-video colposcopio che produce immagini e filmati in alta definizione visualizzabili sul monitor satellite. Il modello C 43 \u00e8 disponibile a richiesta nella versione a lettino-poltrona.[\/vc_column_text][vc_empty_space height=&#8221;30px&#8221;][vc_row_inner row_type=&#8221;row&#8221; type=&#8221;full_width&#8221; text_align=&#8221;left&#8221; css_animation=&#8221;&#8221;][vc_column_inner width=&#8221;1\/2&#8243;]<a  itemprop=\"url\" href=\"https:\/\/centrel.com\/wp-content\/uploads\/2021\/01\/Centrel-C23-C43-Colposcopes.pdf\" target=\"_blank\"  class=\"qbutton  default\" style=\"\">SCARICA LA BROCHURE<\/a>[\/vc_column_inner][vc_column_inner width=&#8221;1\/2&#8243;][\/vc_column_inner][\/vc_row_inner][\/vc_column][\/vc_row][vc_row css_animation=&#8221;&#8221; row_type=&#8221;row&#8221; use_row_as_full_screen_section=&#8221;no&#8221; type=&#8221;full_width&#8221; angled_section=&#8221;no&#8221; text_align=&#8221;left&#8221; background_image_as_pattern=&#8221;without_pattern&#8221;][vc_column][vc_empty_space height=&#8221;30px&#8221;][\/vc_column][\/vc_row][vc_row css_animation=&#8221;&#8221; row_type=&#8221;row&#8221; use_row_as_full_screen_section=&#8221;no&#8221; type=&#8221;grid&#8221; angled_section=&#8221;no&#8221; text_align=&#8221;left&#8221; background_image_as_pattern=&#8221;without_pattern&#8221; background_color=&#8221;#f6f6f6&#8243; padding_top=&#8221;30&#8243; padding_bottom=&#8221;30&#8243;][vc_column width=&#8221;1\/2&#8243;][vc_column_text css=&#8221;.vc_custom_1448291719631{padding-top: 0px !important;padding-right: 30px !important;padding-bottom: 0px !important;padding-left: 0px !important;}&#8221;]<\/p>\n<p style=\"font-size: 23px; color: #363636;\">Dettagli<\/p>\n<p>[\/vc_column_text][vc_separator type=&#8221;transparent&#8221; down=&#8221;20&#8243;][vc_column_text css=&#8221;.vc_custom_1454488871005{padding-top: 0px !important;padding-right: 30px !important;padding-bottom: 0px !important;padding-left: 0px !important;}&#8221;]- La gamma intermedia dei colposcopi Centrel si rinnova ereditando dal modello Z4 il Power Led System che impiega l&#8217;innovativa tecnologia a diodo LED per illuminare il campo d&#8217;azione con una luce finalmente bianca e dalla durata di circa 35.000 ore. Il montaggio del diodo direttamente sul corpo ottico evita l&#8217;impiego delle fibre ottiche aumentando l&#8217;efficienza luminosa. Senza fibre ottiche e senza lampada da sostituire periodicamente i costi di manutenzione sono praticamente azzerati. Ad un consumo elettrico irrisorio si aggiunge l&#8217;assenza di qualsiasi ventola di raffreddamento per una assoluta silenziosit\u00e0 di funzionamento.<\/p>\n<p>&nbsp;<\/p>\n<p>&#8211; Il design compatto, l&#8217;accostamento dei colori e l&#8217;armonia delle forme testimoniano l&#8217;accuratezza nella progettazione che da oltre quarant&#8217;anni caratterizza l&#8217;intera produzione Centrel. La testa binoculare inclinata a 45\u00b0assieme alla pratica impugnatura centrale garantiscono la migliore ergonomia. Snello e leggero, il C23 trova la sua migliore collocazione in uno studio dove lo spazio \u00e8 prezioso. Il braccio a pantografo del C43 consente una eccellente manovrabilit\u00e0 del corpo ottico a garanzia di un&#8217;osservazione riposante anche dopo molte ore di lavoro.[\/vc_column_text][\/vc_column][vc_column width=&#8221;1\/2&#8243;][vc_separator type=&#8221;transparent&#8221; down=&#8221;45&#8243;][vc_column_text css=&#8221;.vc_custom_1580487271334{padding-top: 0px !important;padding-right: 30px !important;padding-bottom: 0px !important;padding-left: 0px !important;}&#8221;]- Poter effettuare una diagnosi accurata \u00e8 il primo obiettivo del ginecologo perci\u00f2 ogni dettaglio deve essere colto con la massima fedelt\u00e0. L&#8217;eccezionale profondit\u00e0 di campo del sistema ottico galileiano adottato restituisce una visione tridimensionale nitida e contrastata su tutto il campo osservato minimizzando il ricorso alla messa a fuoco. I tre ingrandimenti selezionabili sono centrati su quello comunemente pi\u00f9 usato non facendo rimpiangere soluzioni pi\u00f9 complesse e costose.<\/p>\n<p>&nbsp;<\/p>\n<p>&#8211; La fotocolposcopia \u00e8 una pratica sempre pi\u00f9 diffusa sia per tutelare la propria professione sia per offrire alla paziente un referto completo di immagini. La fotocamera digitale Sony applicata al C43 produce foto e filmati in Alta Definizione visualizzabili anche in diretta sul monitor opzionale orientabile a piacere. Grazie al trasformatore di isolamento incorporato di serie nello stativo, il C43 \u00e8 predisposto per ospitare il monitor e la fotocamera nel pieno rispetto della normativa sulla sicurezza dei dispositivi medici. In pochi secondi la piccola stampante a sublimazione realizza stampe in formato A6 con qualit\u00e0 fotografica.[\/vc_column_text][\/vc_column][\/vc_row][vc_row css_animation=&#8221;&#8221; row_type=&#8221;row&#8221; use_row_as_full_screen_section=&#8221;no&#8221; type=&#8221;grid&#8221; angled_section=&#8221;no&#8221; text_align=&#8221;left&#8221; background_image_as_pattern=&#8221;without_pattern&#8221; padding_top=&#8221;30&#8243; padding_bottom=&#8221;30&#8243;][vc_column width=&#8221;1\/2&#8243;][vc_column_text css=&#8221;.vc_custom_1452867450320{padding-top: 0px !important;padding-right: 30px !important;padding-bottom: 0px !important;padding-left: 0px !important;}&#8221;]<\/p>\n<p style=\"font-size: 23px; color: #363636;\">Specifiche tecniche<\/p>\n<p>[\/vc_column_text][vc_separator type=&#8221;transparent&#8221; down=&#8221;20&#8243;][vc_table allow_html=&#8221;1&#8243; el_class=&#8221;technical_data&#8221;][b;align-right]Oculari,[align-left]12%2C5%20X%20|[b;align-right]Ingrandimenti,[align-left]3X%20-%205X%20-%208X|[b;align-right]Campo%20visivo,[align-left]49%2C7%20-%2031%20-%2019%2C3%20mm|[b;align-right]Distanza%20di%20lavoro,[align-left]300%20mm|[b;align-right]Obiettivo,[align-left]f%20300%20mm%20di%20serie%2C%20f%20250%20opzionale|[b;align-right]Distanza%20interpupillare,[align-left]55-76%20mm|[b;align-right]Corpo%20ottico,[align-left]3%20fattori%20di%20ingrandimento|[b;align-right]Testa%20binoculare,[align-left]45%C2%B0%20di%20serie%2C%200%C2%B0%20opzionale%20|[b;align-right]Illuminazione,[align-left]LED%20equivalente%20a%20150W|[b;align-right]Filtro,[align-left]Verde%20a%20slitta|[b;align-right]Correzione%20diottrica,[align-left]%2B%2F-%205%20D|[b;align-right]Regolazione%20fuoco%20fine,[align-left]Sull&#8217;obiettivo%2C%20escursione%2015%20mm%20|[b;align-right]Alimentazione,[align-left]230%20VAC|[b;align-right]Marcatura,[align-left]%3Cimg%20src%3D%22%2Fwp-content%2Fuploads%2F2015%2F10%2Fmarchio-ce.jpg%22%20alt%3D%22marchio-ce%22%20width%3D%2220%22%20height%3D%2214%22%20class%3D%22alignnone%20size-full%20wp-image-17375%22%20%2F%3E%2093%2F42|[b;align-right]Peso,[align-left]33%20kg|[b;align-right]Conformit%C3%A0,[align-left]IEC%20601-1%2C%20IEC%20601-1-2%2C%20CEE%2093%2F42[\/vc_table][\/vc_column][vc_column width=&#8221;1\/2&#8243;][vc_column_text css=&#8221;.vc_custom_1452867778197{padding-top: 0px !important;padding-right: 30px !important;padding-bottom: 0px !important;padding-left: 0px !important;}&#8221;]<\/p>\n<p style=\"font-size: 23px; color: #363636;\">Accessori opzionali<\/p>\n<p>[\/vc_column_text][vc_separator type=&#8221;transparent&#8221; down=&#8221;20&#8243;][vc_column_text css=&#8221;.vc_custom_1452867980590{padding-top: 0px !important;padding-right: 30px !important;padding-bottom: 0px !important;padding-left: 0px !important;}&#8221;]<div class=\"correlato wpb_column vc_column_container vc_col-sm-3\"><a href=\"https:\/\/centrel.com\/it\/prodotti\/ginecologia\/colposcopio-c43\/fotocamera-digitale-sony-alpha\/\"><img src=\"https:\/\/centrel.com\/wp-content\/uploads\/2016\/01\/centrel-fotocamera-digitale-sony-alpha.jpg\"><h4>Fotocamera digitale Sony Ilce<\/h4><\/a><\/div><div class=\"correlato wpb_column vc_column_container vc_col-sm-3\"><a href=\"https:\/\/centrel.com\/it\/prodotti\/ginecologia\/colposcopio-c43\/raccordo-storz\/\"><img src=\"https:\/\/centrel.com\/wp-content\/uploads\/2016\/02\/centrel-raccordo-storz.jpg\"><h4>Raccordo per telecamera da endoscopia<\/h4><\/a><\/div><div class=\"correlato wpb_column vc_column_container vc_col-sm-3\"><a href=\"https:\/\/centrel.com\/it\/prodotti\/ginecologia\/colposcopio-c43\/stampante-sublimazione-selphy\/\"><img src=\"https:\/\/centrel.com\/wp-content\/uploads\/2016\/01\/centrel-stampante-sublimazione-selphy.jpg\"><h4>Stampante a sublimazione Selphy<\/h4><\/a><\/div><div class=\"correlato wpb_column vc_column_container vc_col-sm-3\"><a href=\"https:\/\/centrel.com\/it\/prodotti\/ginecologia\/colposcopio-c43\/modulo-video-centrel-vm9\/\"><img src=\"https:\/\/centrel.com\/wp-content\/uploads\/2016\/01\/centrel-modulo-video-vm8.jpg\"><h4>Modulo video Centrel VM9<\/h4><\/a><\/div>[\/vc_column_text][vc_empty_space height=&#8221;200px&#8221;][vc_column_text css=&#8221;.vc_custom_1456907882203{padding-top: 0px !important;padding-right: 30px !important;padding-bottom: 0px !important;padding-left: 0px !important;}&#8221;]<\/p>\n<p style=\"font-size: 23px; color: #363636;\">Prodotti correlati<\/p>\n<p>[\/vc_column_text][vc_separator type=&#8221;transparent&#8221; down=&#8221;20&#8243;][vc_column_text]<div class=\"wpb_column vc_column_container vc_col-sm-3 lista-prodotti-categoria\">\n            \t\t\t\t<div class=\"wpb_wrapper\"><a href=\"https:\/\/centrel.com\/it\/prodotti\/ginecologia\/colposcopio-z4\/\"><div class=\"immagine-prodotto-categoria\"><img src=\"https:\/\/centrel.com\/wp-content\/uploads\/2015\/11\/centrel-colposcopio-z4.jpg\"><\/div>\n\t\t\t\t\t\t\t<div class=\"titolo-prodotto-categoria\">Colposcopio Z4<\/div>\n\t\t\t<\/a>\n\t\t\t\t\t\t\t<\/div>\n            \t\t\t<\/div><div class=\"wpb_column vc_column_container vc_col-sm-3 lista-prodotti-categoria\">\n            \t\t\t\t<div class=\"wpb_wrapper\"><a href=\"https:\/\/centrel.com\/it\/prodotti\/ginecologia\/colposcopio-c43\/\"><div class=\"immagine-prodotto-categoria\"><img src=\"https:\/\/centrel.com\/wp-content\/uploads\/2015\/11\/centrel-colposcopio-c43.jpg\"><\/div>\n\t\t\t\t\t\t\t<div class=\"titolo-prodotto-categoria\">Colposcopio C43<\/div>\n\t\t\t<\/a>\n\t\t\t\t\t\t\t<\/div>\n            \t\t\t<\/div><div class=\"wpb_column vc_column_container vc_col-sm-3 lista-prodotti-categoria\">\n            \t\t\t\t<div class=\"wpb_wrapper\"><a href=\"https:\/\/centrel.com\/it\/prodotti\/ginecologia\/colposcopio-c23\/\"><div class=\"immagine-prodotto-categoria\"><img src=\"https:\/\/centrel.com\/wp-content\/uploads\/2015\/11\/centerl-colposcopio-c23.jpg\"><\/div>\n\t\t\t\t\t\t\t<div class=\"titolo-prodotto-categoria\">Colposcopio C23<\/div>\n\t\t\t<\/a>\n\t\t\t\t\t\t\t<\/div>\n            \t\t\t<\/div><div class=\"wpb_column vc_column_container vc_col-sm-3 lista-prodotti-categoria\">\n            \t\t\t\t<div class=\"wpb_wrapper\"><a href=\"https:\/\/centrel.com\/it\/prodotti\/ginecologia\/colposcopio-s12\/\"><div class=\"immagine-prodotto-categoria\"><img src=\"https:\/\/centrel.com\/wp-content\/uploads\/2015\/10\/centrel-colposcopio-s12.jpg\"><\/div>\n\t\t\t\t\t\t\t<div class=\"titolo-prodotto-categoria\">Colposcopio S12<\/div>\n\t\t\t<\/a>\n\t\t\t\t\t\t\t<\/div>\n            \t\t\t<\/div><\/div><\/div><\/div>[\/vc_column_text][\/vc_column][\/vc_row][vc_row row_type=&#8221;expandable&#8221; text_align=&#8221;left&#8221; background_color=&#8221;#c6c7c9&#8243; color=&#8221;#ffffff&#8221; hover_color=&#8221;#e03188&#8243; more_button_label=&#8221;RICHIEDI INFORMAZIONI&#8221; less_button_label=&#8221;RICHIEDI INFORMAZIONI&#8221;][vc_column][vc_row_inner row_type=&#8221;row&#8221; type=&#8221;grid&#8221; text_align=&#8221;left&#8221; css_animation=&#8221;&#8221;][vc_column_inner]<div role=\"form\" class=\"wpcf7\" id=\"wpcf7-f16926-o1\" lang=\"it-IT\" dir=\"ltr\">\n<div class=\"screen-reader-response\"><p role=\"status\" aria-live=\"polite\" aria-atomic=\"true\"><\/p> <ul><\/ul><\/div>\n<form action=\"\/it\/wp-json\/wp\/v2\/pages\/16954#wpcf7-f16926-o1\" method=\"post\" class=\"wpcf7-form init default\" novalidate=\"novalidate\" data-status=\"init\">\n<div style=\"display: none;\">\n<input type=\"hidden\" name=\"_wpcf7\" value=\"16926\" \/>\n<input type=\"hidden\" name=\"_wpcf7_version\" value=\"5.4.1\" \/>\n<input type=\"hidden\" name=\"_wpcf7_locale\" value=\"it_IT\" \/>\n<input type=\"hidden\" name=\"_wpcf7_unit_tag\" value=\"wpcf7-f16926-o1\" \/>\n<input type=\"hidden\" name=\"_wpcf7_container_post\" value=\"0\" \/>\n<input type=\"hidden\" name=\"_wpcf7_posted_data_hash\" value=\"\" \/>\n<input type=\"hidden\" name=\"_wpcf7_recaptcha_response\" value=\"\" \/>\n<\/div>\n<p style=\"color:#FFF;\">I campi indicati con * sono obbligatori.<\/p>\n<div class=\"two_columns_50_50 clearfix\">\n<div class=\"column1\">\n<div class=\"column_inner\">\n<p>Nome * <br \/><span class=\"wpcf7-form-control-wrap your-name\"><input type=\"text\" name=\"your-name\" value=\"\" size=\"40\" class=\"wpcf7-form-control wpcf7-text wpcf7-validates-as-required\" aria-required=\"true\" aria-invalid=\"false\" \/><\/span><\/p>\n<p>Cognome * <br \/><span class=\"wpcf7-form-control-wrap your-surname\"><input type=\"text\" name=\"your-surname\" value=\"\" size=\"40\" class=\"wpcf7-form-control wpcf7-text wpcf7-validates-as-required\" aria-required=\"true\" aria-invalid=\"false\" \/><\/span><\/p>\n<p>Email * <br \/><span class=\"wpcf7-form-control-wrap your-email\"><input type=\"email\" name=\"your-email\" value=\"\" size=\"40\" class=\"wpcf7-form-control wpcf7-text wpcf7-email wpcf7-validates-as-required wpcf7-validates-as-email\" aria-required=\"true\" aria-invalid=\"false\" \/><\/span><\/p>\n<p>Telefono <br \/><span class=\"wpcf7-form-control-wrap your-phone\"><input type=\"text\" name=\"your-phone\" value=\"\" size=\"40\" class=\"wpcf7-form-control wpcf7-text\" aria-invalid=\"false\" \/><\/span><\/p>\n<p>Azienda <br \/><span class=\"wpcf7-form-control-wrap azienda\"><input type=\"text\" name=\"azienda\" value=\"\" size=\"40\" class=\"wpcf7-form-control wpcf7-text\" aria-invalid=\"false\" \/><\/span><\/p>\n<\/div>\n<\/div>\n<div class=\"column2\">\n<div class=\"column_inner\">\n<p>Scrivi qui il tuo messaggio * <br \/><span class=\"wpcf7-form-control-wrap your-message\"><textarea name=\"your-message\" cols=\"40\" rows=\"10\" class=\"wpcf7-form-control wpcf7-textarea wpcf7-validates-as-required\" aria-required=\"true\" aria-invalid=\"false\"><\/textarea><\/span> <\/p>\n<\/div>\n<\/div>\n<\/div>\n<p>Trattamento dei dati personali<\/p>\n<p>Ai sensi dell'articolo 13 del Decreto Legislativo n.196\/2003, Le forniamo le seguenti informazioni: il titolare del trattamento user\u00e0 i suoi dati per adempiere le normali operazioni derivanti da obbligo di legge o contrattuale e per consentire all'utente di ricevere le informazioni richieste. In qualunque momento potranno essere esercitati dagli interessati i diritti di cui all'art. 7 del Decreto Legislativo n.196\/2003, contattando il titolare del trattamento:<\/p>\n<p>Centrel Srl<br \/>\nViale Europa, 18 - 35020 Ponte San Nicol\u00f2 (PD) - Italy<br \/>\nEmail: <a href=\"mailto:info@centrel.com<br \/>\n\">info@centrel.com<\/a><\/p>\n<p>L'informativa completa pu\u00f2 essere consultata presso i nostri uffici, o richiesta via email al titolare del trattamento.\n<\/p>\n<p><span class=\"wpcf7-form-control-wrap checkbox-15\"><span class=\"wpcf7-form-control wpcf7-checkbox wpcf7-validates-as-required\"><span class=\"wpcf7-list-item first last\"><input type=\"checkbox\" name=\"checkbox-15[]\" value=\"\" \/><span class=\"wpcf7-list-item-label\"><\/span><\/span><\/span><\/span> Accetta la normativa sul trattamento dei dati personali * <\/p>\n<p><input type=\"submit\" value=\"Invia\" class=\"wpcf7-form-control wpcf7-submit\" \/><\/p>\n<div class=\"wpcf7-response-output\" aria-hidden=\"true\"><\/div><\/form><\/div>[\/vc_column_inner][\/vc_row_inner][\/vc_column][\/vc_row]<\/p>\n","protected":false},"excerpt":{"rendered":"<p>[vc_row css_animation=&#8221;&#8221; row_type=&#8221;row&#8221; use_row_as_full_screen_section=&#8221;no&#8221; type=&#8221;full_width&#8221; angled_section=&#8221;no&#8221; text_align=&#8221;left&#8221; background_image_as_pattern=&#8221;without_pattern&#8221;][vc_column][vc_empty_space height=&#8221;40px&#8221;][\/vc_column][\/vc_row][vc_row css_animation=&#8221;&#8221; row_type=&#8221;row&#8221; use_row_as_full_screen_section=&#8221;no&#8221; type=&#8221;grid&#8221; angled_section=&#8221;no&#8221; text_align=&#8221;left&#8221; background_image_as_pattern=&#8221;without_pattern&#8221;][vc_column width=&#8221;1\/2&#8243;][vc_column_text][\/vc_column_text][\/vc_column][vc_column width=&#8221;1\/2&#8243;][vc_column_text el_class=&#8221;titoloni-prodotti&#8221;] Colposcopio C43 [\/vc_column_text][vc_separator type=&#8221;transparent&#8221; down=&#8221;20&#8243;][vc_column_text]Il colposcopio Centrel C43 \u00e8 il primo modello della gamma dei colposcopi Centrel ad utilizzare un braccio a pantografo, per un pratico&#8230;<\/p>\n","protected":false},"author":2,"featured_media":16959,"parent":16055,"menu_order":2,"comment_status":"closed","ping_status":"closed","template":"full_width.php","meta":{"_monsterinsights_skip_tracking":false,"_monsterinsights_sitenote_active":false,"_monsterinsights_sitenote_note":"","_monsterinsights_sitenote_category":0},"yoast_head":"<!-- This site is optimized with the Yoast SEO plugin v16.2 - https:\/\/yoast.com\/wordpress\/plugins\/seo\/ -->\n<title>Colposcopio C43 - Centrel<\/title>\n<meta name=\"robots\" content=\"index, follow, max-snippet:-1, max-image-preview:large, max-video-preview:-1\" \/>\n<link rel=\"canonical\" href=\"https:\/\/centrel.com\/it\/prodotti\/ginecologia\/colposcopio-c43\/\" \/>\n<meta property=\"og:locale\" content=\"it_IT\" \/>\n<meta property=\"og:type\" content=\"article\" \/>\n<meta property=\"og:title\" content=\"Colposcopio C43 - Centrel\" \/>\n<meta property=\"og:description\" content=\"[vc_row css_animation=&#8221;&#8221; row_type=&#8221;row&#8221; use_row_as_full_screen_section=&#8221;no&#8221; type=&#8221;full_width&#8221; angled_section=&#8221;no&#8221; text_align=&#8221;left&#8221; background_image_as_pattern=&#8221;without_pattern&#8221;][vc_column][vc_empty_space height=&#8221;40px&#8221;][\/vc_column][\/vc_row][vc_row css_animation=&#8221;&#8221; row_type=&#8221;row&#8221; use_row_as_full_screen_section=&#8221;no&#8221; type=&#8221;grid&#8221; angled_section=&#8221;no&#8221; text_align=&#8221;left&#8221; background_image_as_pattern=&#8221;without_pattern&#8221;][vc_column width=&#8221;1\/2&#8243;][vc_column_text][\/vc_column_text][\/vc_column][vc_column width=&#8221;1\/2&#8243;][vc_column_text el_class=&#8221;titoloni-prodotti&#8221;] Colposcopio C43 [\/vc_column_text][vc_separator type=&#8221;transparent&#8221; down=&#8221;20&#8243;][vc_column_text]Il colposcopio Centrel C43 \u00e8 il primo modello della gamma dei colposcopi Centrel ad utilizzare un braccio a pantografo, per un pratico...\" \/>\n<meta property=\"og:url\" content=\"https:\/\/centrel.com\/it\/prodotti\/ginecologia\/colposcopio-c43\/\" \/>\n<meta property=\"og:site_name\" content=\"Centrel\" \/>\n<meta property=\"article:modified_time\" content=\"2021-01-18T13:04:23+00:00\" \/>\n<meta property=\"og:image\" content=\"https:\/\/centrel.com\/wp-content\/uploads\/2015\/11\/colposcopio-c43.jpg\" \/>\n\t<meta property=\"og:image:width\" content=\"233\" \/>\n\t<meta property=\"og:image:height\" content=\"327\" \/>\n<meta name=\"twitter:card\" content=\"summary\" \/>\n<meta name=\"twitter:label1\" content=\"Tempo di lettura stimato\">\n\t<meta name=\"twitter:data1\" content=\"3 minuti\">\n<script type=\"application\/ld+json\" class=\"yoast-schema-graph\">{\"@context\":\"https:\/\/schema.org\",\"@graph\":[{\"@type\":\"WebSite\",\"@id\":\"https:\/\/centrel.com\/it\/#website\",\"url\":\"https:\/\/centrel.com\/it\/\",\"name\":\"Centrel\",\"description\":\"\",\"potentialAction\":[{\"@type\":\"SearchAction\",\"target\":\"https:\/\/centrel.com\/it\/?s={search_term_string}\",\"query-input\":\"required name=search_term_string\"}],\"inLanguage\":\"it-IT\"},{\"@type\":\"ImageObject\",\"@id\":\"https:\/\/centrel.com\/it\/prodotti\/ginecologia\/colposcopio-c43\/#primaryimage\",\"inLanguage\":\"it-IT\",\"url\":\"https:\/\/centrel.com\/wp-content\/uploads\/2015\/11\/colposcopio-c43.jpg\",\"contentUrl\":\"https:\/\/centrel.com\/wp-content\/uploads\/2015\/11\/colposcopio-c43.jpg\",\"width\":233,\"height\":327},{\"@type\":\"WebPage\",\"@id\":\"https:\/\/centrel.com\/it\/prodotti\/ginecologia\/colposcopio-c43\/#webpage\",\"url\":\"https:\/\/centrel.com\/it\/prodotti\/ginecologia\/colposcopio-c43\/\",\"name\":\"Colposcopio C43 - Centrel\",\"isPartOf\":{\"@id\":\"https:\/\/centrel.com\/it\/#website\"},\"primaryImageOfPage\":{\"@id\":\"https:\/\/centrel.com\/it\/prodotti\/ginecologia\/colposcopio-c43\/#primaryimage\"},\"datePublished\":\"2015-11-20T16:21:17+00:00\",\"dateModified\":\"2021-01-18T13:04:23+00:00\",\"breadcrumb\":{\"@id\":\"https:\/\/centrel.com\/it\/prodotti\/ginecologia\/colposcopio-c43\/#breadcrumb\"},\"inLanguage\":\"it-IT\",\"potentialAction\":[{\"@type\":\"ReadAction\",\"target\":[\"https:\/\/centrel.com\/it\/prodotti\/ginecologia\/colposcopio-c43\/\"]}]},{\"@type\":\"BreadcrumbList\",\"@id\":\"https:\/\/centrel.com\/it\/prodotti\/ginecologia\/colposcopio-c43\/#breadcrumb\",\"itemListElement\":[{\"@type\":\"ListItem\",\"position\":1,\"item\":{\"@type\":\"WebPage\",\"@id\":\"https:\/\/centrel.com\/it\/\",\"url\":\"https:\/\/centrel.com\/it\/\",\"name\":\"Home\"}},{\"@type\":\"ListItem\",\"position\":2,\"item\":{\"@type\":\"WebPage\",\"@id\":\"https:\/\/centrel.com\/it\/prodotti\/\",\"url\":\"https:\/\/centrel.com\/it\/prodotti\/\",\"name\":\"Prodotti\"}},{\"@type\":\"ListItem\",\"position\":3,\"item\":{\"@type\":\"WebPage\",\"@id\":\"https:\/\/centrel.com\/it\/prodotti\/ginecologia\/\",\"url\":\"https:\/\/centrel.com\/it\/prodotti\/ginecologia\/\",\"name\":\"Ginecologia\"}},{\"@type\":\"ListItem\",\"position\":4,\"item\":{\"@id\":\"https:\/\/centrel.com\/it\/prodotti\/ginecologia\/colposcopio-c43\/#webpage\"}}]}]}<\/script>\n<!-- \/ Yoast SEO plugin. -->","_links":{"self":[{"href":"https:\/\/centrel.com\/it\/wp-json\/wp\/v2\/pages\/16954"}],"collection":[{"href":"https:\/\/centrel.com\/it\/wp-json\/wp\/v2\/pages"}],"about":[{"href":"https:\/\/centrel.com\/it\/wp-json\/wp\/v2\/types\/page"}],"author":[{"embeddable":true,"href":"https:\/\/centrel.com\/it\/wp-json\/wp\/v2\/users\/2"}],"replies":[{"embeddable":true,"href":"https:\/\/centrel.com\/it\/wp-json\/wp\/v2\/comments?post=16954"}],"version-history":[{"count":24,"href":"https:\/\/centrel.com\/it\/wp-json\/wp\/v2\/pages\/16954\/revisions"}],"predecessor-version":[{"id":19593,"href":"https:\/\/centrel.com\/it\/wp-json\/wp\/v2\/pages\/16954\/revisions\/19593"}],"up":[{"embeddable":true,"href":"https:\/\/centrel.com\/it\/wp-json\/wp\/v2\/pages\/16055"}],"wp:featuredmedia":[{"embeddable":true,"href":"https:\/\/centrel.com\/it\/wp-json\/wp\/v2\/media\/16959"}],"wp:attachment":[{"href":"https:\/\/centrel.com\/it\/wp-json\/wp\/v2\/media?parent=16954"}],"curies":[{"name":"wp","href":"https:\/\/api.w.org\/{rel}","templated":true}]}}