{"id":16572,"date":"2015-10-27T11:44:18","date_gmt":"2015-10-27T10:44:18","guid":{"rendered":"http:\/\/centrel.com\/?page_id=16572"},"modified":"2021-01-21T18:06:52","modified_gmt":"2021-01-21T17:06:52","slug":"endoscopia","status":"publish","type":"page","link":"https:\/\/centrel.com\/it\/prodotti\/endoscopia\/","title":{"rendered":"Endoscopia"},"content":{"rendered":"<p>[vc_row css_animation=&#8221;&#8221; row_type=&#8221;row&#8221; use_row_as_full_screen_section=&#8221;no&#8221; type=&#8221;grid&#8221; angled_section=&#8221;no&#8221; text_align=&#8221;left&#8221; background_image_as_pattern=&#8221;without_pattern&#8221; padding_top=&#8221;50&#8243; padding_bottom=&#8221;50&#8243;][vc_column][vc_column_text el_class=&#8221;titolo-pagina&#8221;]<\/p>\n<h1 style=\"text-align: left;\">ENDOSCOPIA<\/h1>\n<p>[\/vc_column_text][vc_separator type=&#8221;transparent&#8221; down=&#8221;20&#8243;][vc_column_text]La nuova linea di endoscopia Centrel nasce dalla richiesta di prodotti innovativi nell\u2019ambito della pratica endoscopica ginecologica, con particolare riferimento all\u2019isteroscopia diagnostica, operativa e chirurgica.<\/p>\n<p>L\u2019obiettivo \u00e8 quello di fornire una gamma di strumenti dalle caratteristiche peculiari, in grado di migliorare l\u2019esperienza endoscopica con sistemi ottici ad alta definizione, privi di distorsione ai bordi, abbinata a soluzioni progettuali innovative come, ad esempio, l&#8217;impiego della sorgente led incorporata nella testina della telecamera. Ci\u00f2 consente di operare pi\u00f9 agevolmente, rendendo il gruppo camera-isteroscopio pi\u00f9 leggero e senza l&#8217;impedimento del cavo di luce a fibre ottiche.<\/p>\n<p>Per il centro medico attrezzato, la struttura polispecialistica o la divisione di isteroscopia di un\u2019azienda ospedaliera, i sistemi integrati di video-endoscopia, carrellati o portatili, rappresentano la nuova frontiera della disciplina endoscopica mettendo a disposizione dell\u2019operatore un concentrato di tecnologia che si distingue per versatilit\u00e0 e praticit\u00e0 di utilizzo.[\/vc_column_text][\/vc_column][\/vc_row][vc_row css_animation=&#8221;&#8221; row_type=&#8221;row&#8221; use_row_as_full_screen_section=&#8221;no&#8221; type=&#8221;grid&#8221; angled_section=&#8221;no&#8221; text_align=&#8221;left&#8221; background_image_as_pattern=&#8221;without_pattern&#8221; background_color=&#8221;#f0f0f0&#8243; border_color=&#8221;#efefef&#8221; padding_top=&#8221;50&#8243; padding_bottom=&#8221;0&#8243;][vc_column][vc_column_text el_class=&#8221;titolo-prodotti-categorie&#8221;]<\/p>\n<h4>Le nostre attrezzature endoscopiche<\/h4>\n<p>[\/vc_column_text][\/vc_column][\/vc_row]<\/p>\n","protected":false},"excerpt":{"rendered":"<p>[vc_row css_animation=&#8221;&#8221; row_type=&#8221;row&#8221; use_row_as_full_screen_section=&#8221;no&#8221; type=&#8221;grid&#8221; angled_section=&#8221;no&#8221; text_align=&#8221;left&#8221; background_image_as_pattern=&#8221;without_pattern&#8221; padding_top=&#8221;50&#8243; padding_bottom=&#8221;50&#8243;][vc_column][vc_column_text el_class=&#8221;titolo-pagina&#8221;] ENDOSCOPIA [\/vc_column_text][vc_separator type=&#8221;transparent&#8221; down=&#8221;20&#8243;][vc_column_text]La nuova linea di endoscopia Centrel nasce dalla richiesta di prodotti innovativi nell\u2019ambito della pratica endoscopica ginecologica, con particolare riferimento all\u2019isteroscopia diagnostica, operativa e chirurgica. L\u2019obiettivo \u00e8 quello di fornire una&#8230;<\/p>\n","protected":false},"author":2,"featured_media":0,"parent":13383,"menu_order":0,"comment_status":"closed","ping_status":"closed","template":"endoscopia.php","meta":{"_monsterinsights_skip_tracking":false,"_monsterinsights_sitenote_active":false,"_monsterinsights_sitenote_note":"","_monsterinsights_sitenote_category":0},"yoast_head":"<!-- This site is optimized with the Yoast SEO plugin v16.2 - https:\/\/yoast.com\/wordpress\/plugins\/seo\/ -->\n<title>Endoscopia - Centrel<\/title>\n<meta name=\"robots\" content=\"index, follow, max-snippet:-1, max-image-preview:large, max-video-preview:-1\" \/>\n<link rel=\"canonical\" href=\"https:\/\/centrel.com\/it\/prodotti\/endoscopia\/\" \/>\n<meta property=\"og:locale\" content=\"it_IT\" \/>\n<meta property=\"og:type\" content=\"article\" \/>\n<meta property=\"og:title\" content=\"Endoscopia - Centrel\" \/>\n<meta property=\"og:description\" content=\"[vc_row css_animation=&#8221;&#8221; row_type=&#8221;row&#8221; use_row_as_full_screen_section=&#8221;no&#8221; type=&#8221;grid&#8221; angled_section=&#8221;no&#8221; text_align=&#8221;left&#8221; background_image_as_pattern=&#8221;without_pattern&#8221; padding_top=&#8221;50&#8243; padding_bottom=&#8221;50&#8243;][vc_column][vc_column_text el_class=&#8221;titolo-pagina&#8221;] ENDOSCOPIA [\/vc_column_text][vc_separator type=&#8221;transparent&#8221; down=&#8221;20&#8243;][vc_column_text]La nuova linea di endoscopia Centrel nasce dalla richiesta di prodotti innovativi nell\u2019ambito della pratica endoscopica ginecologica, con particolare riferimento all\u2019isteroscopia diagnostica, operativa e chirurgica. L\u2019obiettivo \u00e8 quello di fornire una...\" \/>\n<meta property=\"og:url\" content=\"https:\/\/centrel.com\/it\/prodotti\/endoscopia\/\" \/>\n<meta property=\"og:site_name\" content=\"Centrel\" \/>\n<meta property=\"article:modified_time\" content=\"2021-01-21T17:06:52+00:00\" \/>\n<meta name=\"twitter:card\" content=\"summary\" \/>\n<meta name=\"twitter:label1\" content=\"Tempo di lettura stimato\">\n\t<meta name=\"twitter:data1\" content=\"1 minuto\">\n<script type=\"application\/ld+json\" class=\"yoast-schema-graph\">{\"@context\":\"https:\/\/schema.org\",\"@graph\":[{\"@type\":\"WebSite\",\"@id\":\"https:\/\/centrel.com\/it\/#website\",\"url\":\"https:\/\/centrel.com\/it\/\",\"name\":\"Centrel\",\"description\":\"\",\"potentialAction\":[{\"@type\":\"SearchAction\",\"target\":\"https:\/\/centrel.com\/it\/?s={search_term_string}\",\"query-input\":\"required name=search_term_string\"}],\"inLanguage\":\"it-IT\"},{\"@type\":\"WebPage\",\"@id\":\"https:\/\/centrel.com\/it\/prodotti\/endoscopia\/#webpage\",\"url\":\"https:\/\/centrel.com\/it\/prodotti\/endoscopia\/\",\"name\":\"Endoscopia - Centrel\",\"isPartOf\":{\"@id\":\"https:\/\/centrel.com\/it\/#website\"},\"datePublished\":\"2015-10-27T10:44:18+00:00\",\"dateModified\":\"2021-01-21T17:06:52+00:00\",\"breadcrumb\":{\"@id\":\"https:\/\/centrel.com\/it\/prodotti\/endoscopia\/#breadcrumb\"},\"inLanguage\":\"it-IT\",\"potentialAction\":[{\"@type\":\"ReadAction\",\"target\":[\"https:\/\/centrel.com\/it\/prodotti\/endoscopia\/\"]}]},{\"@type\":\"BreadcrumbList\",\"@id\":\"https:\/\/centrel.com\/it\/prodotti\/endoscopia\/#breadcrumb\",\"itemListElement\":[{\"@type\":\"ListItem\",\"position\":1,\"item\":{\"@type\":\"WebPage\",\"@id\":\"https:\/\/centrel.com\/it\/\",\"url\":\"https:\/\/centrel.com\/it\/\",\"name\":\"Home\"}},{\"@type\":\"ListItem\",\"position\":2,\"item\":{\"@type\":\"WebPage\",\"@id\":\"https:\/\/centrel.com\/it\/prodotti\/\",\"url\":\"https:\/\/centrel.com\/it\/prodotti\/\",\"name\":\"Prodotti\"}},{\"@type\":\"ListItem\",\"position\":3,\"item\":{\"@id\":\"https:\/\/centrel.com\/it\/prodotti\/endoscopia\/#webpage\"}}]}]}<\/script>\n<!-- \/ Yoast SEO plugin. -->","_links":{"self":[{"href":"https:\/\/centrel.com\/it\/wp-json\/wp\/v2\/pages\/16572"}],"collection":[{"href":"https:\/\/centrel.com\/it\/wp-json\/wp\/v2\/pages"}],"about":[{"href":"https:\/\/centrel.com\/it\/wp-json\/wp\/v2\/types\/page"}],"author":[{"embeddable":true,"href":"https:\/\/centrel.com\/it\/wp-json\/wp\/v2\/users\/2"}],"replies":[{"embeddable":true,"href":"https:\/\/centrel.com\/it\/wp-json\/wp\/v2\/comments?post=16572"}],"version-history":[{"count":7,"href":"https:\/\/centrel.com\/it\/wp-json\/wp\/v2\/pages\/16572\/revisions"}],"predecessor-version":[{"id":19792,"href":"https:\/\/centrel.com\/it\/wp-json\/wp\/v2\/pages\/16572\/revisions\/19792"}],"up":[{"embeddable":true,"href":"https:\/\/centrel.com\/it\/wp-json\/wp\/v2\/pages\/13383"}],"wp:attachment":[{"href":"https:\/\/centrel.com\/it\/wp-json\/wp\/v2\/media?parent=16572"}],"curies":[{"name":"wp","href":"https:\/\/api.w.org\/{rel}","templated":true}]}}