{"id":15984,"date":"2014-05-15T12:38:07","date_gmt":"2014-05-15T12:38:07","guid":{"rendered":"http:\/\/demo.qodeinteractive.com\/bridge6\/?page_id=15984"},"modified":"2022-03-18T18:53:06","modified_gmt":"2022-03-18T17:53:06","slug":"home","status":"publish","type":"page","link":"https:\/\/centrel.com\/it\/","title":{"rendered":"Home"},"content":{"rendered":"<p>[vc_row css_animation=&#8221;&#8221; row_type=&#8221;row&#8221; use_row_as_full_screen_section=&#8221;no&#8221; type=&#8221;full_width&#8221; angled_section=&#8221;no&#8221; text_align=&#8221;left&#8221; background_image_as_pattern=&#8221;without_pattern&#8221;][vc_column]\n\t\t\t<!-- START Slider 1 REVOLUTION SLIDER 6.4.11 --><p class=\"rs-p-wp-fix\"><\/p>\n\t\t\t<rs-module-wrap id=\"rev_slider_1_1_wrapper\" data-source=\"gallery\" style=\"background:transparent;padding:0;margin:0px auto;margin-top:0;margin-bottom:0;\">\n\t\t\t\t<rs-module id=\"rev_slider_1_1\" style=\"\" data-version=\"6.4.11\">\n\t\t\t\t\t<rs-slides>\n\t\t\t\t\t\t<rs-slide data-key=\"rs-1\" data-title=\"Slide\" data-anim=\"ms:1000;r:0;\" data-in=\"o:0;\" data-out=\"a:false;\">\n\t\t\t\t\t\t\t<img src=\"\/\/centrel.com\/wp-content\/uploads\/2016\/03\/slide-centrel-04_ok.jpg\" title=\"slide-centrel-04_ok\" width=\"1920\" height=\"560\" class=\"rev-slidebg tp-rs-img\" data-bg=\"p:center top;\" data-no-retina>\n<!---->\t\t\t\t\t\t<\/rs-slide>\n\t\t\t\t\t\t<rs-slide data-key=\"rs-2\" data-title=\"Slide\" data-anim=\"ms:1000;r:0;\" data-in=\"o:0;\" data-out=\"a:false;\">\n\t\t\t\t\t\t\t<img src=\"\/\/centrel.com\/wp-content\/uploads\/2016\/03\/slide-centrel-05.jpg\" title=\"slide-centrel-05\" width=\"1920\" height=\"560\" class=\"rev-slidebg tp-rs-img\" data-no-retina>\n<!---->\t\t\t\t\t\t<\/rs-slide>\n\t\t\t\t\t\t<rs-slide data-key=\"rs-3\" data-title=\"Slide\" data-anim=\"ms:1000;r:0;\" data-in=\"o:0;\" data-out=\"a:false;\">\n\t\t\t\t\t\t\t<img src=\"\/\/centrel.com\/wp-content\/uploads\/2016\/05\/slide-centrel-06-1.jpg\" title=\"slide-centrel-06\" width=\"1920\" height=\"750\" class=\"rev-slidebg tp-rs-img\" data-no-retina>\n<!---->\t\t\t\t\t\t<\/rs-slide>\n\t\t\t\t\t<\/rs-slides>\n\t\t\t\t<\/rs-module>\n\t\t\t\t<script type=\"text\/javascript\">\n\t\t\t\t\tsetREVStartSize({c: 'rev_slider_1_1',rl:[1240,1024,778,480],el:[560],gw:[1000],gh:[560],type:'standard',justify:'',layout:'fullwidth',mh:\"0\"});\n\t\t\t\t\tvar\trevapi1,\n\t\t\t\t\t\ttpj;\n\t\t\t\t\tfunction revinit_revslider11() {\n\t\t\t\t\tjQuery(function() {\n\t\t\t\t\t\ttpj = jQuery;\n\t\t\t\t\t\trevapi1 = tpj(\"#rev_slider_1_1\");\n\t\t\t\t\t\tif(revapi1==undefined || revapi1.revolution == undefined){\n\t\t\t\t\t\t\trevslider_showDoubleJqueryError(\"rev_slider_1_1\");\n\t\t\t\t\t\t}else{\n\t\t\t\t\t\t\trevapi1.revolution({\n\t\t\t\t\t\t\t\tsliderLayout:\"fullwidth\",\n\t\t\t\t\t\t\t\tvisibilityLevels:\"1240,1024,778,480\",\n\t\t\t\t\t\t\t\tgridwidth:1000,\n\t\t\t\t\t\t\t\tgridheight:560,\n\t\t\t\t\t\t\t\tspinner:\"spinner0\",\n\t\t\t\t\t\t\t\tperspective:600,\n\t\t\t\t\t\t\t\tperspectiveType:\"global\",\n\t\t\t\t\t\t\t\teditorheight:\"560,768,960,720\",\n\t\t\t\t\t\t\t\tresponsiveLevels:\"1240,1024,778,480\",\n\t\t\t\t\t\t\t\tprogressBar:{disableProgressBar:true},\n\t\t\t\t\t\t\t\tnavigation: {\n\t\t\t\t\t\t\t\t\tonHoverStop:false\n\t\t\t\t\t\t\t\t},\n\t\t\t\t\t\t\t\tfallbacks: {\n\t\t\t\t\t\t\t\t\tallowHTML5AutoPlayOnAndroid:true\n\t\t\t\t\t\t\t\t},\n\t\t\t\t\t\t\t});\n\t\t\t\t\t\t}\n\t\t\t\t\t\t\n\t\t\t\t\t});\n\t\t\t\t\t} \/\/ End of RevInitScript\n\t\t\t\tvar once_revslider11 = false;\n\t\t\t\tif (document.readyState === \"loading\") {document.addEventListener('readystatechange',function() { if((document.readyState === \"interactive\" || document.readyState === \"complete\") && !once_revslider11 ) { once_revslider11 = true; revinit_revslider11();}});} else {once_revslider11 = true; revinit_revslider11();}\n\t\t\t\t<\/script>\n\t\t\t<\/rs-module-wrap>\n\t\t\t<!-- END REVOLUTION SLIDER -->\n[\/vc_column][\/vc_row][vc_row css_animation=&#8221;&#8221; row_type=&#8221;row&#8221; use_row_as_full_screen_section=&#8221;no&#8221; type=&#8221;grid&#8221; angled_section=&#8221;no&#8221; text_align=&#8221;left&#8221; background_image_as_pattern=&#8221;without_pattern&#8221; anchor=&#8221;portfolio&#8221; background_color=&#8221;#ffffff&#8221; border_color=&#8221;#efefef&#8221; padding_top=&#8221;83&#8243; padding_bottom=&#8221;78&#8243;][vc_column][vc_column_text]<\/p>\n<h2 style=\"text-align: left;\">Centrel: The Clear Vision<\/h2>\n<h1 class=\"titoli\">Strumenti professionali per ginecologia ed endoscopia<\/h1>\n<p>[\/vc_column_text][vc_separator type=&#8221;transparent&#8221; up=&#8221;0&#8243; down=&#8221;30&#8243;][vc_column_text]<\/p>\n<p style=\"text-align: left;\">Centrel sa osservare ed ideare quello che la pratica medica chiede.<\/p>\n<p style=\"text-align: left;\">Ecco perch\u00e9 ogni apparecchio Centrel viene progettato per soddisfare al meglio le esigenze dell\u2019utilizzatore, mettendo in campo le tecnologie pi\u00f9 avanzate ed oltre 50 anni d\u2019esperienza maturata con la realizzazione di prodotti sempre all\u2019avanguardia. La collaborazione costante con gli studi medici ed enti ospedalieri ci permette di affrontare, studiare e risolvere le problematiche e le richieste specifiche delle diverse specialit\u00e0 mediche con ampia flessibilit\u00e0. La cura per i dettagli segue, di pari passo, l\u2019esigenza di funzionalit\u00e0 e praticit\u00e0, consentendoci di creare prodotti che mantengono, nel tempo, un alto standard qualitativo.<\/p>\n<p>[\/vc_column_text][\/vc_column][\/vc_row][vc_row css_animation=&#8221;&#8221; row_type=&#8221;row&#8221; use_row_as_full_screen_section=&#8221;no&#8221; type=&#8221;grid&#8221; angled_section=&#8221;no&#8221; text_align=&#8221;left&#8221; background_image_as_pattern=&#8221;without_pattern&#8221; anchor=&#8221;portfolio&#8221; background_color=&#8221;#f9f9f9&#8243; border_color=&#8221;#efefef&#8221; padding_top=&#8221;60&#8243; padding_bottom=&#8221;60&#8243;][vc_column width=&#8221;1\/2&#8243; css=&#8221;.vc_custom_1445874121770{padding-bottom: 0px !important;}&#8221;][vc_single_image image=&#8221;17620&#8243; img_size=&#8221;full&#8221; alignment=&#8221;center&#8221; onclick=&#8221;custom_link&#8221; qode_css_animation=&#8221;&#8221; link=&#8221;http:\/\/centrel.com\/it\/prodotti\/ginecologia\/&#8221;][vc_separator type=&#8221;transparent&#8221; up=&#8221;20&#8243;][vc_column_text]<\/p>\n<h4 style=\"text-align: center;\"><span style=\"color: #363636;\">GINECOLOGIA<\/span><\/h4>\n<p>[\/vc_column_text][\/vc_column][vc_column width=&#8221;1\/2&#8243;][vc_single_image image=&#8221;17506&#8243; img_size=&#8221;full&#8221; alignment=&#8221;center&#8221; onclick=&#8221;custom_link&#8221; qode_css_animation=&#8221;&#8221; link=&#8221;http:\/\/centrel.com\/it\/prodotti\/endoscopia\/&#8221;][vc_separator type=&#8221;transparent&#8221; up=&#8221;20&#8243;][vc_column_text]<\/p>\n<h4 style=\"text-align: center;\"><span style=\"color: #363636;\">ENDOSCOPIA<\/span><\/h4>\n<p>[\/vc_column_text][\/vc_column][\/vc_row][vc_row css_animation=&#8221;&#8221; row_type=&#8221;row&#8221; use_row_as_full_screen_section=&#8221;no&#8221; type=&#8221;grid&#8221; angled_section=&#8221;no&#8221; text_align=&#8221;left&#8221; background_image_as_pattern=&#8221;without_pattern&#8221; anchor=&#8221;portfolio&#8221; background_color=&#8221;#ffffff&#8221; border_color=&#8221;#efefef&#8221; padding_top=&#8221;60&#8243; padding_bottom=&#8221;60&#8243;][vc_column][vc_column_text]<\/p>\n<h2 style=\"text-align: center;\">NEWS ED EVENTI<\/h2>\n<p>[\/vc_column_text][vc_separator type=&#8221;transparent&#8221; up=&#8221;0&#8243; down=&#8221;30&#8243;]\n<div class='latest_post_holder boxes three_columns one_row' >\n    <ul>\n    \n        <li class=\"clearfix\">\n            <div class=\"boxes_image\">\n                                <a itemprop=\"url\" href=\"https:\/\/centrel.com\/it\/2025\/11\/la-patologia-preneoplastica-e-neoplastica-del-tratto-anogenitale-2-2-2\/\"><img width=\"395\" height=\"303\" src=\"https:\/\/centrel.com\/wp-content\/uploads\/2025\/11\/riccione-395x303.jpg\" class=\"attachment-latest_post_boxes size-latest_post_boxes wp-post-image\" alt=\"\" loading=\"lazy\" \/><\/a>\n            <\/div>\n            <div class=\"latest_post\"  >\n                <div class=\"latest_post_text\">\n                    <div class=\"latest_post_inner\">\n                        <div class=\"latest_post_text_inner\">\n                            <h5 itemprop=\"name\" class=\"latest_post_title entry_title\"><a itemprop=\"url\" href=\"https:\/\/centrel.com\/it\/2025\/11\/la-patologia-preneoplastica-e-neoplastica-del-tratto-anogenitale-2-2-2\/\">La gestione ambulatoriale delle patologie ostetriche e ginecologiche &#8211; Riccione<\/a><\/h5>\n                            <p class=\"excerpt\">Centrel sar\u00e0 presente alla terza edizione del corso \"La gestione ambulatoriale delle patologie Ostetriche e Ginecologiche: medicine a supporto e nuove evidenze, Riccione 28-29 Novembre 2025....<\/p>\n                            <span class=\"post_infos\">\n                                                                                                \n                                \n                                                            <\/span>\n                        <\/div>\n                    <\/div>\n                <\/div>\n            <\/div>\n        <\/li>\n    \n        <li class=\"clearfix\">\n            <div class=\"boxes_image\">\n                                <a itemprop=\"url\" href=\"https:\/\/centrel.com\/it\/2025\/11\/la-patologia-preneoplastica-e-neoplastica-del-tratto-anogenitale-2-2\/\"><img width=\"539\" height=\"303\" src=\"https:\/\/centrel.com\/wp-content\/uploads\/2025\/11\/napoli-539x303.jpg\" class=\"attachment-latest_post_boxes size-latest_post_boxes wp-post-image\" alt=\"\" loading=\"lazy\" \/><\/a>\n            <\/div>\n            <div class=\"latest_post\"  >\n                <div class=\"latest_post_text\">\n                    <div class=\"latest_post_inner\">\n                        <div class=\"latest_post_text_inner\">\n                            <h5 itemprop=\"name\" class=\"latest_post_title entry_title\"><a itemprop=\"url\" href=\"https:\/\/centrel.com\/it\/2025\/11\/la-patologia-preneoplastica-e-neoplastica-del-tratto-anogenitale-2-2\/\">XXXIX Congresso Nazionale SICPCV &#8211; Napoli<\/a><\/h5>\n                            <p class=\"excerpt\">Centrel sar\u00e0 presente al XXXIX CONGRESSO NAZIONALE SICPCV con il colposcopio Z4 dotato dell'esclusivo sistema di realt\u00e0 aumentata \"ERA\"\r\nIl corso pre congressuale si terr\u00e0 il giorno 13 Novembre 2025, il congresso si terr\u00e0 da venerd\u00ec 14 a sabato 15 Novembre presso la Stazione marittima - Molo Angioino Napoli....<\/p>\n                            <span class=\"post_infos\">\n                                                                                                \n                                \n                                                            <\/span>\n                        <\/div>\n                    <\/div>\n                <\/div>\n            <\/div>\n        <\/li>\n    \n        <li class=\"clearfix\">\n            <div class=\"boxes_image\">\n                                <a itemprop=\"url\" href=\"https:\/\/centrel.com\/it\/2023\/06\/la-patologia-preneoplastica-e-neoplastica-del-tratto-anogenitale-2\/\"><img width=\"399\" height=\"303\" src=\"https:\/\/centrel.com\/wp-content\/uploads\/2023\/06\/ageo-399x303.jpg\" class=\"attachment-latest_post_boxes size-latest_post_boxes wp-post-image\" alt=\"\" loading=\"lazy\" \/><\/a>\n            <\/div>\n            <div class=\"latest_post\"  >\n                <div class=\"latest_post_text\">\n                    <div class=\"latest_post_inner\">\n                        <div class=\"latest_post_text_inner\">\n                            <h5 itemprop=\"name\" class=\"latest_post_title entry_title\"><a itemprop=\"url\" href=\"https:\/\/centrel.com\/it\/2023\/06\/la-patologia-preneoplastica-e-neoplastica-del-tratto-anogenitale-2\/\">XXI Congresso Nazionale A.G.E.O. &#8211; Milano<\/a><\/h5>\n                            <p class=\"excerpt\">Centrel sar\u00e0 presente al XXI congresso nazionale dell'Associazione Ginecologi Extra Ospedalieri che si terr\u00e0 dal 26 al 28 Ottobre 2023 a Bologna presso ROYAL HOTEL CARLTON Via Montebello, 8 - 40121 - Bologna....<\/p>\n                            <span class=\"post_infos\">\n                                                                                                \n                                \n                                                            <\/span>\n                        <\/div>\n                    <\/div>\n                <\/div>\n            <\/div>\n        <\/li>\n        <\/ul>\n<\/div>[\/vc_column][\/vc_row]<\/p>\n","protected":false},"excerpt":{"rendered":"<p>[vc_row css_animation=&#8221;&#8221; row_type=&#8221;row&#8221; use_row_as_full_screen_section=&#8221;no&#8221; type=&#8221;full_width&#8221; angled_section=&#8221;no&#8221; text_align=&#8221;left&#8221; background_image_as_pattern=&#8221;without_pattern&#8221;][vc_column][\/vc_column][\/vc_row][vc_row css_animation=&#8221;&#8221; row_type=&#8221;row&#8221; use_row_as_full_screen_section=&#8221;no&#8221; type=&#8221;grid&#8221; angled_section=&#8221;no&#8221; text_align=&#8221;left&#8221; background_image_as_pattern=&#8221;without_pattern&#8221; anchor=&#8221;portfolio&#8221; background_color=&#8221;#ffffff&#8221; border_color=&#8221;#efefef&#8221; padding_top=&#8221;83&#8243; padding_bottom=&#8221;78&#8243;][vc_column][vc_column_text] Centrel: The Clear Vision Strumenti professionali per ginecologia ed endoscopia [\/vc_column_text][vc_separator type=&#8221;transparent&#8221; up=&#8221;0&#8243; down=&#8221;30&#8243;][vc_column_text] Centrel sa osservare ed ideare quello che la pratica medica chiede&#8230;.<\/p>\n","protected":false},"author":2,"featured_media":0,"parent":0,"menu_order":0,"comment_status":"open","ping_status":"open","template":"full_width.php","meta":{"_monsterinsights_skip_tracking":false,"_monsterinsights_sitenote_active":false,"_monsterinsights_sitenote_note":"","_monsterinsights_sitenote_category":0},"yoast_head":"<!-- This site is optimized with the Yoast SEO plugin v16.2 - https:\/\/yoast.com\/wordpress\/plugins\/seo\/ -->\n<title>Centrel: apparecchi per ginecologia, colposcopia, isteroscopia, endoscopia.<\/title>\n<meta name=\"description\" content=\"Realizziamo apparecchi all&#039;avanguardia per ginecologia tra cui una vasta gamma di colposcopi, isteroscopi e sistemi per videoendoscopia.\" \/>\n<meta name=\"robots\" content=\"index, follow, max-snippet:-1, max-image-preview:large, max-video-preview:-1\" \/>\n<link rel=\"canonical\" href=\"https:\/\/centrel.com\/it\/\" \/>\n<meta property=\"og:locale\" content=\"it_IT\" \/>\n<meta property=\"og:type\" content=\"article\" \/>\n<meta property=\"og:title\" content=\"Centrel: apparecchi per ginecologia, colposcopia, isteroscopia, endoscopia.\" \/>\n<meta property=\"og:description\" content=\"Realizziamo apparecchi all&#039;avanguardia per ginecologia tra cui una vasta gamma di colposcopi, isteroscopi e sistemi per videoendoscopia.\" \/>\n<meta property=\"og:url\" content=\"https:\/\/centrel.com\/it\/\" \/>\n<meta property=\"og:site_name\" content=\"Centrel\" \/>\n<meta property=\"article:modified_time\" content=\"2022-03-18T17:53:06+00:00\" \/>\n<meta property=\"og:image\" content=\"https:\/\/centrel.com\/wp-content\/uploads\/2020\/05\/EV3b-1200x928.jpg\" \/>\n\t<meta property=\"og:image:width\" content=\"1200\" \/>\n\t<meta property=\"og:image:height\" content=\"928\" \/>\n<meta name=\"twitter:card\" content=\"summary\" \/>\n<meta name=\"twitter:label1\" content=\"Tempo di lettura stimato\">\n\t<meta name=\"twitter:data1\" content=\"1 minuto\">\n<script type=\"application\/ld+json\" class=\"yoast-schema-graph\">{\"@context\":\"https:\/\/schema.org\",\"@graph\":[{\"@type\":\"WebSite\",\"@id\":\"https:\/\/centrel.com\/it\/#website\",\"url\":\"https:\/\/centrel.com\/it\/\",\"name\":\"Centrel\",\"description\":\"\",\"potentialAction\":[{\"@type\":\"SearchAction\",\"target\":\"https:\/\/centrel.com\/it\/?s={search_term_string}\",\"query-input\":\"required name=search_term_string\"}],\"inLanguage\":\"it-IT\"},{\"@type\":\"ImageObject\",\"@id\":\"https:\/\/centrel.com\/it\/#primaryimage\",\"inLanguage\":\"it-IT\",\"url\":\"https:\/\/centrel.com\/wp-content\/uploads\/2020\/05\/EV3b-1200x928.jpg\",\"contentUrl\":\"https:\/\/centrel.com\/wp-content\/uploads\/2020\/05\/EV3b-1200x928.jpg\",\"width\":1200,\"height\":928},{\"@type\":\"WebPage\",\"@id\":\"https:\/\/centrel.com\/it\/#webpage\",\"url\":\"https:\/\/centrel.com\/it\/\",\"name\":\"Centrel: apparecchi per ginecologia, colposcopia, isteroscopia, endoscopia.\",\"isPartOf\":{\"@id\":\"https:\/\/centrel.com\/it\/#website\"},\"primaryImageOfPage\":{\"@id\":\"https:\/\/centrel.com\/it\/#primaryimage\"},\"datePublished\":\"2014-05-15T12:38:07+00:00\",\"dateModified\":\"2022-03-18T17:53:06+00:00\",\"description\":\"Realizziamo apparecchi all'avanguardia per ginecologia tra cui una vasta gamma di colposcopi, isteroscopi e sistemi per videoendoscopia.\",\"breadcrumb\":{\"@id\":\"https:\/\/centrel.com\/it\/#breadcrumb\"},\"inLanguage\":\"it-IT\",\"potentialAction\":[{\"@type\":\"ReadAction\",\"target\":[\"https:\/\/centrel.com\/it\/\"]}]},{\"@type\":\"BreadcrumbList\",\"@id\":\"https:\/\/centrel.com\/it\/#breadcrumb\",\"itemListElement\":[{\"@type\":\"ListItem\",\"position\":1,\"item\":{\"@type\":\"WebPage\",\"@id\":\"https:\/\/centrel.com\/it\/\",\"url\":\"https:\/\/centrel.com\/it\/\",\"name\":\"Home\"}},{\"@type\":\"ListItem\",\"position\":2,\"item\":{\"@id\":\"https:\/\/centrel.com\/it\/#webpage\"}}]}]}<\/script>\n<!-- \/ Yoast SEO plugin. -->","_links":{"self":[{"href":"https:\/\/centrel.com\/it\/wp-json\/wp\/v2\/pages\/15984"}],"collection":[{"href":"https:\/\/centrel.com\/it\/wp-json\/wp\/v2\/pages"}],"about":[{"href":"https:\/\/centrel.com\/it\/wp-json\/wp\/v2\/types\/page"}],"author":[{"embeddable":true,"href":"https:\/\/centrel.com\/it\/wp-json\/wp\/v2\/users\/2"}],"replies":[{"embeddable":true,"href":"https:\/\/centrel.com\/it\/wp-json\/wp\/v2\/comments?post=15984"}],"version-history":[{"count":14,"href":"https:\/\/centrel.com\/it\/wp-json\/wp\/v2\/pages\/15984\/revisions"}],"predecessor-version":[{"id":19976,"href":"https:\/\/centrel.com\/it\/wp-json\/wp\/v2\/pages\/15984\/revisions\/19976"}],"wp:attachment":[{"href":"https:\/\/centrel.com\/it\/wp-json\/wp\/v2\/media?parent=15984"}],"curies":[{"name":"wp","href":"https:\/\/api.w.org\/{rel}","templated":true}]}}